{"id":102,"date":"2024-07-16T13:25:09","date_gmt":"2024-07-16T13:25:09","guid":{"rendered":"https:\/\/mlishipping.com\/?page_id=102"},"modified":"2025-01-29T18:49:13","modified_gmt":"2025-01-29T18:49:13","slug":"about-us","status":"publish","type":"page","link":"https:\/\/mlishipping.com\/fr\/about-us\/","title":{"rendered":"\u00c0 Propos De Nous"},"content":{"rendered":"<div data-elementor-type=\"wp-page\" data-elementor-id=\"102\" class=\"elementor elementor-102\" data-elementor-post-type=\"page\">\n\t\t\t\t\t\t<section class=\"elementor-section elementor-top-section elementor-element elementor-element-7fbe92f3 elementor-section-height-min-height elementor-section-boxed elementor-section-height-default elementor-section-items-middle\" data-id=\"7fbe92f3\" data-element_type=\"section\" data-e-type=\"section\" data-settings=\"{&quot;background_background&quot;:&quot;classic&quot;}\">\n\t\t\t\t\t\t\t<div class=\"elementor-background-overlay\"><\/div>\n\t\t\t\t\t\t\t<div class=\"elementor-container elementor-column-gap-default\">\n\t\t\t\t\t<div class=\"elementor-column elementor-col-100 elementor-top-column elementor-element elementor-element-20450f97\" data-id=\"20450f97\" data-element_type=\"column\" data-e-type=\"column\">\n\t\t\t<div class=\"elementor-widget-wrap elementor-element-populated\">\n\t\t\t\t\t\t<div class=\"elementor-element elementor-element-30e49473 elementor-invisible elementor-widget elementor-widget-heading\" data-id=\"30e49473\" data-element_type=\"widget\" data-e-type=\"widget\" data-settings=\"{&quot;_animation&quot;:&quot;fadeInUp&quot;}\" data-widget_type=\"heading.default\">\n\t\t\t\t<div class=\"elementor-widget-container\">\n\t\t\t\t\t<h1 class=\"elementor-heading-title elementor-size-default\">\u00c0 Propos De Nous<\/h1>\t\t\t\t<\/div>\n\t\t\t\t<\/div>\n\t\t\t\t<div class=\"elementor-element elementor-element-361f97d9 elementor-invisible elementor-widget elementor-widget-text-editor\" data-id=\"361f97d9\" data-element_type=\"widget\" data-e-type=\"widget\" data-settings=\"{&quot;_animation&quot;:&quot;fadeInUp&quot;}\" data-widget_type=\"text-editor.default\">\n\t\t\t\t<div class=\"elementor-widget-container\">\n\t\t\t\t\t\t\t\t\t<p>Avec MLI SHIPPING, les petites et moyennes entreprises comme la v\u00f4tre peuvent \u00e9valuer, r\u00e9server et suivre leurs exp\u00e9ditions rapidement.<\/p>\t\t\t\t\t\t\t\t<\/div>\n\t\t\t\t<\/div>\n\t\t\t\t\t<\/div>\n\t\t<\/div>\n\t\t\t\t\t<\/div>\n\t\t<\/section>\n\t\t\t\t<section class=\"elementor-section elementor-top-section elementor-element elementor-element-26ec31fc elementor-hidden-phone elementor-section-boxed elementor-section-height-default elementor-section-height-default\" data-id=\"26ec31fc\" data-element_type=\"section\" data-e-type=\"section\">\n\t\t\t\t\t\t<div class=\"elementor-container elementor-column-gap-default\">\n\t\t\t\t\t<div class=\"elementor-column elementor-col-100 elementor-top-column elementor-element elementor-element-11a4fb2b\" data-id=\"11a4fb2b\" data-element_type=\"column\" data-e-type=\"column\">\n\t\t\t<div class=\"elementor-widget-wrap elementor-element-populated\">\n\t\t\t\t\t\t<div class=\"elementor-element elementor-element-440dd8ad elementor-widget elementor-widget-image\" data-id=\"440dd8ad\" data-element_type=\"widget\" data-e-type=\"widget\" data-widget_type=\"image.default\">\n\t\t\t\t<div class=\"elementor-widget-container\">\n\t\t\t\t\t\t\t\t\t\t\t\t\t\t\t<img fetchpriority=\"high\" decoding=\"async\" width=\"800\" height=\"457\" src=\"https:\/\/mlishipping.com\/wp-content\/uploads\/2024\/07\/Group-46-1024x585.png\" class=\"attachment-large size-large wp-image-50\" alt=\"\" srcset=\"https:\/\/mlishipping.com\/wp-content\/uploads\/2024\/07\/Group-46-1024x585.png 1024w, https:\/\/mlishipping.com\/wp-content\/uploads\/2024\/07\/Group-46-300x172.png 300w, https:\/\/mlishipping.com\/wp-content\/uploads\/2024\/07\/Group-46-768x439.png 768w, https:\/\/mlishipping.com\/wp-content\/uploads\/2024\/07\/Group-46.png 1303w\" sizes=\"(max-width: 800px) 100vw, 800px\" \/>\t\t\t\t\t\t\t\t\t\t\t\t\t\t\t<\/div>\n\t\t\t\t<\/div>\n\t\t\t\t\t<\/div>\n\t\t<\/div>\n\t\t\t\t\t<\/div>\n\t\t<\/section>\n\t\t\t\t<section class=\"elementor-section elementor-top-section elementor-element elementor-element-34289c11 elementor-section-boxed elementor-section-height-default elementor-section-height-default\" data-id=\"34289c11\" data-element_type=\"section\" data-e-type=\"section\">\n\t\t\t\t\t\t<div class=\"elementor-container elementor-column-gap-default\">\n\t\t\t\t\t<div class=\"elementor-column elementor-col-50 elementor-top-column elementor-element elementor-element-34593e36\" data-id=\"34593e36\" data-element_type=\"column\" data-e-type=\"column\">\n\t\t\t<div class=\"elementor-widget-wrap elementor-element-populated\">\n\t\t\t\t\t\t<div class=\"elementor-element elementor-element-4be08b7b elementor-invisible elementor-widget elementor-widget-heading\" data-id=\"4be08b7b\" data-element_type=\"widget\" data-e-type=\"widget\" data-settings=\"{&quot;_animation&quot;:&quot;fadeInUp&quot;}\" data-widget_type=\"heading.default\">\n\t\t\t\t<div class=\"elementor-widget-container\">\n\t\t\t\t\t<h2 class=\"elementor-heading-title elementor-size-default\">notre mission<\/h2>\t\t\t\t<\/div>\n\t\t\t\t<\/div>\n\t\t\t\t<div class=\"elementor-element elementor-element-498d4f46 elementor-widget elementor-widget-text-editor\" data-id=\"498d4f46\" data-element_type=\"widget\" data-e-type=\"widget\" data-widget_type=\"text-editor.default\">\n\t\t\t\t<div class=\"elementor-widget-container\">\n\t\t\t\t\t\t\t\t\t<p>Nous souhaitons \u00eatre une extension importante de vos op\u00e9rations commerciales. Nous ne travaillons pas seulement pour vous, pour vous fournir des solutions de transport et d'entreposage, nous travaillons avec vous pour vous fournir des informations sur vos op\u00e9rations commerciales. Fournir une solution vous donne un service, mais fournir des am\u00e9liorations vous donne de la valeur.<\/p>\n<p><br><\/p>\n<p><\/p>\t\t\t\t\t\t\t\t<\/div>\n\t\t\t\t<\/div>\n\t\t\t\t\t<\/div>\n\t\t<\/div>\n\t\t\t\t<div class=\"elementor-column elementor-col-50 elementor-top-column elementor-element elementor-element-40a0daec\" data-id=\"40a0daec\" data-element_type=\"column\" data-e-type=\"column\">\n\t\t\t<div class=\"elementor-widget-wrap elementor-element-populated\">\n\t\t\t\t\t\t<div class=\"elementor-element elementor-element-23416ca elementor-invisible elementor-widget elementor-widget-heading\" data-id=\"23416ca\" data-element_type=\"widget\" data-e-type=\"widget\" data-settings=\"{&quot;_animation&quot;:&quot;fadeInUp&quot;}\" data-widget_type=\"heading.default\">\n\t\t\t\t<div class=\"elementor-widget-container\">\n\t\t\t\t\t<h2 class=\"elementor-heading-title elementor-size-default\">\u00c0 PROPOS DE L'EXP\u00c9DITION MLI <\/h2>\t\t\t\t<\/div>\n\t\t\t\t<\/div>\n\t\t\t\t<div class=\"elementor-element elementor-element-5cd8985 elementor-widget elementor-widget-text-editor\" data-id=\"5cd8985\" data-element_type=\"widget\" data-e-type=\"widget\" data-widget_type=\"text-editor.default\">\n\t\t\t\t<div class=\"elementor-widget-container\">\n\t\t\t\t\t\t\t\t\t<p>MLI Shipping has extensive experience acting as a single supply chain and logistics and a warehouse storage space. We take responsibility for all goods from the moment their received at our facility, to the shipment to store or consumer, leveraging our last mile solutions. With a robust reverse logistics and returns management program, we can handle the full cycle and most importantly &#8211; improve customer satisfaction.<\/p>\n<p>Chez MLI Shipping, nous parlons beaucoup de faire la diff\u00e9rence, nous parlons de r\u00e9tablir la confiance et la fiabilit\u00e9 pour et au sein de l'industrie. Pour ce faire, nous relevons les d\u00e9fis des clients avec la flexibilit\u00e9 et des solutions personnalis\u00e9es. Nous continuons \u00e0 nous adapter aux changements du march\u00e9 et des clients.\n\nMLI Shipping est un commer\u00e7ant et exportateur mondial de nombreux produits, notamment\u00a0:\n\nvoitures, v\u00eatements, \u00e9lectronique, machines, etc., rien n'est trop gros ou trop petit pour que nous puissions exp\u00e9dier dans le monde entier.<\/p>\n<p>MLI Shipping is a global trader and exporter of multiple goods, including;<\/p>\n<p>cars, clothing, Electronics, Machinery etc., nothing is too big or small for us to ship worldwide.<\/p>\t\t\t\t\t\t\t\t<\/div>\n\t\t\t\t<\/div>\n\t\t\t\t\t<\/div>\n\t\t<\/div>\n\t\t\t\t\t<\/div>\n\t\t<\/section>\n\t\t<div class=\"elementor-element elementor-element-fed7714 e-flex e-con-boxed e-con e-parent\" data-id=\"fed7714\" data-element_type=\"container\" data-e-type=\"container\">\n\t\t\t\t\t<div class=\"e-con-inner\">\n\t\t\t\t<div class=\"elementor-element elementor-element-baa34f7 elementor-invisible elementor-widget elementor-widget-heading\" data-id=\"baa34f7\" data-element_type=\"widget\" data-e-type=\"widget\" data-settings=\"{&quot;_animation&quot;:&quot;fadeInUp&quot;}\" data-widget_type=\"heading.default\">\n\t\t\t\t<div class=\"elementor-widget-container\">\n\t\t\t\t\t<h2 class=\"elementor-heading-title elementor-size-default\">POURQUOI L'EXP\u00c9DITION MLI?<\/h2>\t\t\t\t<\/div>\n\t\t\t\t<\/div>\n\t\t\t\t<div class=\"elementor-element elementor-element-48b2c75 elementor-widget elementor-widget-text-editor\" data-id=\"48b2c75\" data-element_type=\"widget\" data-e-type=\"widget\" data-widget_type=\"text-editor.default\">\n\t\t\t\t<div class=\"elementor-widget-container\">\n\t\t\t\t\t\t\t\t\t<p>MLI Shipping has been providing\u00a0 logistics and supply chain services for the past eight years.\u00a0 MLI Shipping has 12,000 square foot warehouse facility to store goods before they are ready to ship. We handle all the details, so that you do not have to worry about it<\/p><ul><li aria-level=\"1\"><b>Efficacit\u00e9 et concentration am\u00e9lior\u00e9es :<\/b><\/li><\/ul><p>Partnering with MLI Shipping will significantly boost your business\u2019s efficiency. By delegating time-consuming logistics tasks to experts, you free up valuable resources to concentrate on what you do best \u2013 growing your business. Imagine the time you could save not having to manage warehouse operations, coordinate shipments, or handle returns. MLI Shipping allows you to dedicate more energy to product innovation, marketing strategies, and customer acquisition.<\/p><p>De plus, MLI Shipping apporte une expertise sp\u00e9cialis\u00e9e. Nos ann\u00e9es d\u2019exp\u00e9rience dans l\u2019optimisation des cha\u00eenes d\u2019approvisionnement peuvent conduire \u00e0 des op\u00e9rations plus fluides et \u00e0 moins d\u2019erreurs. Cette expertise se traduit souvent par des d\u00e9lais de traitement des commandes plus rapides, des co\u00fbts d\u2019exp\u00e9dition r\u00e9duits et une pr\u00e9cision des stocks am\u00e9lior\u00e9e, ce qui contribue \u00e0 une meilleure exp\u00e9rience client et, en fin de compte, \u00e0 une plus grande fid\u00e9lit\u00e9 de la client\u00e8le.<\/p><ul><li aria-level=\"1\"><b>\u00c9volutivit\u00e9 et croissance :<\/b><\/li><\/ul><p>L'un des plus grands d\u00e9fis pour les entreprises est de g\u00e9rer la croissance. \u00c0 mesure que vos ventes augmentent, la complexit\u00e9 de vos op\u00e9rations logistiques augmente \u00e9galement. C'est l\u00e0 qu'un partenaire MLI Shipping se d\u00e9marque vraiment. MLI Shipping propose des solutions \u00e9volutives qui peuvent \u00e9voluer avec votre entreprise, que vous soyez confront\u00e9 \u00e0 des pics saisonniers ou \u00e0 une croissance constante \u00e0 long terme.<\/p><p>Par exemple, pendant la p\u00e9riode des f\u00eates, MLI Shipping peut rapidement acc\u00e9l\u00e9rer ses op\u00e9rations pour g\u00e9rer des volumes de commandes accrus sans que vous ayez besoin d'investir dans un espace d'entrep\u00f4t suppl\u00e9mentaire ou d'embaucher du personnel temporaire. \u00c0 l'inverse, pendant les p\u00e9riodes plus calmes, vous n'\u00eates pas coinc\u00e9 avec une capacit\u00e9 exc\u00e9dentaire. Cette flexibilit\u00e9 vous permet de r\u00e9pondre avec agilit\u00e9 aux demandes et aux opportunit\u00e9s du march\u00e9, vous donnant ainsi un avantage concurrentiel dans le monde en \u00e9volution rapide du commerce \u00e9lectronique.<\/p><p>clients.<\/p><div>\u00a0<\/div>\t\t\t\t\t\t\t\t<\/div>\n\t\t\t\t<\/div>\n\t\t\t\t\t<\/div>\n\t\t\t\t<\/div>\n\t\t\t\t<\/div>","protected":false},"excerpt":{"rendered":"<p>About Us With MLI SHIPPING, small and medium-sized businesses like yours can quote, book, and track shipments quickly. OUR Mission We want to be an important extension of your business operations. We don&#8217;t just work for you, to provide transportation and warehouse solutions, we work with you to provide insights&nbsp; for your business operations. Providing [&hellip;]<\/p>\n","protected":false},"author":1,"featured_media":0,"parent":0,"menu_order":0,"comment_status":"closed","ping_status":"closed","template":"","meta":{"footnotes":""},"class_list":["post-102","page","type-page","status-publish","hentry"],"_links":{"self":[{"href":"https:\/\/mlishipping.com\/fr\/wp-json\/wp\/v2\/pages\/102","targetHints":{"allow":["GET"]}}],"collection":[{"href":"https:\/\/mlishipping.com\/fr\/wp-json\/wp\/v2\/pages"}],"about":[{"href":"https:\/\/mlishipping.com\/fr\/wp-json\/wp\/v2\/types\/page"}],"author":[{"embeddable":true,"href":"https:\/\/mlishipping.com\/fr\/wp-json\/wp\/v2\/users\/1"}],"replies":[{"embeddable":true,"href":"https:\/\/mlishipping.com\/fr\/wp-json\/wp\/v2\/comments?post=102"}],"version-history":[{"count":34,"href":"https:\/\/mlishipping.com\/fr\/wp-json\/wp\/v2\/pages\/102\/revisions"}],"predecessor-version":[{"id":1157,"href":"https:\/\/mlishipping.com\/fr\/wp-json\/wp\/v2\/pages\/102\/revisions\/1157"}],"wp:attachment":[{"href":"https:\/\/mlishipping.com\/fr\/wp-json\/wp\/v2\/media?parent=102"}],"curies":[{"name":"wp","href":"https:\/\/api.w.org\/{rel}","templated":true}]}}