{"id":158,"date":"2024-07-19T13:57:30","date_gmt":"2024-07-19T13:57:30","guid":{"rendered":"https:\/\/mlishipping.com\/?page_id=158"},"modified":"2024-11-03T20:53:58","modified_gmt":"2024-11-03T20:53:58","slug":"warehouse-storage","status":"publish","type":"page","link":"https:\/\/mlishipping.com\/fr\/services\/warehouse-storage\/","title":{"rendered":"Entrep\u00f4t De Stockage Pour Les"},"content":{"rendered":"<div data-elementor-type=\"wp-page\" data-elementor-id=\"158\" class=\"elementor elementor-158\" data-elementor-post-type=\"page\">\n\t\t\t\t\t\t<section class=\"elementor-section elementor-top-section elementor-element elementor-element-457ea42d elementor-section-height-min-height elementor-section-boxed elementor-section-height-default elementor-section-items-middle\" data-id=\"457ea42d\" data-element_type=\"section\" data-e-type=\"section\" data-settings=\"{&quot;background_background&quot;:&quot;classic&quot;}\">\n\t\t\t\t\t\t\t<div class=\"elementor-background-overlay\"><\/div>\n\t\t\t\t\t\t\t<div class=\"elementor-container elementor-column-gap-default\">\n\t\t\t\t\t<div class=\"elementor-column elementor-col-100 elementor-top-column elementor-element elementor-element-45252b63\" data-id=\"45252b63\" data-element_type=\"column\" data-e-type=\"column\">\n\t\t\t<div class=\"elementor-widget-wrap elementor-element-populated\">\n\t\t\t\t\t\t<div class=\"elementor-element elementor-element-362a5 elementor-invisible elementor-widget elementor-widget-heading\" data-id=\"362a5\" data-element_type=\"widget\" data-e-type=\"widget\" data-settings=\"{&quot;_animation&quot;:&quot;fadeInUp&quot;}\" data-widget_type=\"heading.default\">\n\t\t\t\t<div class=\"elementor-widget-container\">\n\t\t\t\t\t<h1 class=\"elementor-heading-title elementor-size-default\">Entrep\u00f4t et stockage<\/h1>\t\t\t\t<\/div>\n\t\t\t\t<\/div>\n\t\t\t\t\t<\/div>\n\t\t<\/div>\n\t\t\t\t\t<\/div>\n\t\t<\/section>\n\t\t\t\t<section class=\"elementor-section elementor-top-section elementor-element elementor-element-334453c7 elementor-section-boxed elementor-section-height-default elementor-section-height-default\" data-id=\"334453c7\" data-element_type=\"section\" data-e-type=\"section\">\n\t\t\t\t\t\t<div class=\"elementor-container elementor-column-gap-default\">\n\t\t\t\t\t<div class=\"elementor-column elementor-col-50 elementor-top-column elementor-element elementor-element-554b35d9\" data-id=\"554b35d9\" data-element_type=\"column\" data-e-type=\"column\">\n\t\t\t<div class=\"elementor-widget-wrap elementor-element-populated\">\n\t\t\t\t\t\t<div class=\"elementor-element elementor-element-ee8a43e elementor-widget elementor-widget-image\" data-id=\"ee8a43e\" data-element_type=\"widget\" data-e-type=\"widget\" data-widget_type=\"image.default\">\n\t\t\t\t<div class=\"elementor-widget-container\">\n\t\t\t\t\t\t\t\t\t\t\t\t\t\t\t<img fetchpriority=\"high\" decoding=\"async\" width=\"612\" height=\"344\" src=\"https:\/\/mlishipping.com\/wp-content\/uploads\/2024\/10\/istockphoto-1405246054-612x612-1.jpg\" class=\"attachment-large size-large wp-image-439\" alt=\"\" srcset=\"https:\/\/mlishipping.com\/wp-content\/uploads\/2024\/10\/istockphoto-1405246054-612x612-1.jpg 612w, https:\/\/mlishipping.com\/wp-content\/uploads\/2024\/10\/istockphoto-1405246054-612x612-1-300x169.jpg 300w\" sizes=\"(max-width: 612px) 100vw, 612px\" \/>\t\t\t\t\t\t\t\t\t\t\t\t\t\t\t<\/div>\n\t\t\t\t<\/div>\n\t\t\t\t<div class=\"elementor-element elementor-element-27713dc4 elementor-widget elementor-widget-image\" data-id=\"27713dc4\" data-element_type=\"widget\" data-e-type=\"widget\" data-widget_type=\"image.default\">\n\t\t\t\t<div class=\"elementor-widget-container\">\n\t\t\t\t\t\t\t\t\t\t\t\t\t\t\t<img decoding=\"async\" width=\"256\" height=\"256\" src=\"https:\/\/mlishipping.com\/wp-content\/uploads\/2024\/10\/warehouse-team-meeting-stockcake.jpg\" class=\"attachment-large size-large wp-image-440\" alt=\"\" srcset=\"https:\/\/mlishipping.com\/wp-content\/uploads\/2024\/10\/warehouse-team-meeting-stockcake.jpg 256w, https:\/\/mlishipping.com\/wp-content\/uploads\/2024\/10\/warehouse-team-meeting-stockcake-150x150.jpg 150w\" sizes=\"(max-width: 256px) 100vw, 256px\" \/>\t\t\t\t\t\t\t\t\t\t\t\t\t\t\t<\/div>\n\t\t\t\t<\/div>\n\t\t\t\t<div class=\"elementor-element elementor-element-6e4eba45 elementor-widget__width-auto elementor-absolute elementor-widget elementor-widget-image\" data-id=\"6e4eba45\" data-element_type=\"widget\" data-e-type=\"widget\" data-settings=\"{&quot;_position&quot;:&quot;absolute&quot;}\" data-widget_type=\"image.default\">\n\t\t\t\t<div class=\"elementor-widget-container\">\n\t\t\t\t\t\t\t\t\t\t\t\t\t\t\t<img decoding=\"async\" width=\"116\" height=\"116\" src=\"https:\/\/mlishipping.com\/wp-content\/uploads\/2024\/07\/Group-large.png\" class=\"attachment-large size-large wp-image-31\" alt=\"\" \/>\t\t\t\t\t\t\t\t\t\t\t\t\t\t\t<\/div>\n\t\t\t\t<\/div>\n\t\t\t\t<div class=\"elementor-element elementor-element-7a51969 elementor-widget elementor-widget-image\" data-id=\"7a51969\" data-element_type=\"widget\" data-e-type=\"widget\" data-widget_type=\"image.default\">\n\t\t\t\t<div class=\"elementor-widget-container\">\n\t\t\t\t\t\t\t\t\t\t\t\t\t\t\t<img loading=\"lazy\" decoding=\"async\" width=\"800\" height=\"450\" src=\"https:\/\/mlishipping.com\/wp-content\/uploads\/2024\/11\/83423.jpg\" class=\"attachment-large size-large wp-image-533\" alt=\"\" srcset=\"https:\/\/mlishipping.com\/wp-content\/uploads\/2024\/11\/83423.jpg 1000w, https:\/\/mlishipping.com\/wp-content\/uploads\/2024\/11\/83423-300x169.jpg 300w, https:\/\/mlishipping.com\/wp-content\/uploads\/2024\/11\/83423-768x432.jpg 768w\" sizes=\"(max-width: 800px) 100vw, 800px\" \/>\t\t\t\t\t\t\t\t\t\t\t\t\t\t\t<\/div>\n\t\t\t\t<\/div>\n\t\t\t\t<div class=\"elementor-element elementor-element-f3773e9 elementor-widget elementor-widget-image\" data-id=\"f3773e9\" data-element_type=\"widget\" data-e-type=\"widget\" data-widget_type=\"image.default\">\n\t\t\t\t<div class=\"elementor-widget-container\">\n\t\t\t\t\t\t\t\t\t\t\t\t\t\t\t<img loading=\"lazy\" decoding=\"async\" width=\"626\" height=\"417\" src=\"https:\/\/mlishipping.com\/wp-content\/uploads\/2024\/11\/warehouse-worker-viewing-spreadsheet-computer-screen-factory_46383-20792.avif\" class=\"elementor-animation-hang attachment-medium_large size-medium_large wp-image-557\" alt=\"\" srcset=\"https:\/\/mlishipping.com\/wp-content\/uploads\/2024\/11\/warehouse-worker-viewing-spreadsheet-computer-screen-factory_46383-20792.avif 626w, https:\/\/mlishipping.com\/wp-content\/uploads\/2024\/11\/warehouse-worker-viewing-spreadsheet-computer-screen-factory_46383-20792-300x200.avif 300w\" sizes=\"(max-width: 626px) 100vw, 626px\" \/>\t\t\t\t\t\t\t\t\t\t\t\t\t\t\t<\/div>\n\t\t\t\t<\/div>\n\t\t\t\t<div class=\"elementor-element elementor-element-b0cf1c8 elementor-widget elementor-widget-image\" data-id=\"b0cf1c8\" data-element_type=\"widget\" data-e-type=\"widget\" data-widget_type=\"image.default\">\n\t\t\t\t<div class=\"elementor-widget-container\">\n\t\t\t\t\t\t\t\t\t\t\t\t\t\t\t<img loading=\"lazy\" decoding=\"async\" width=\"626\" height=\"352\" src=\"https:\/\/mlishipping.com\/wp-content\/uploads\/2024\/11\/spacious-warehouse-filled-with-commercial-goods-supplies_482257-83381.avif\" class=\"attachment-large size-large wp-image-561\" alt=\"\" srcset=\"https:\/\/mlishipping.com\/wp-content\/uploads\/2024\/11\/spacious-warehouse-filled-with-commercial-goods-supplies_482257-83381.avif 626w, https:\/\/mlishipping.com\/wp-content\/uploads\/2024\/11\/spacious-warehouse-filled-with-commercial-goods-supplies_482257-83381-300x169.avif 300w\" sizes=\"(max-width: 626px) 100vw, 626px\" \/>\t\t\t\t\t\t\t\t\t\t\t\t\t\t\t<\/div>\n\t\t\t\t<\/div>\n\t\t\t\t<div class=\"elementor-element elementor-element-ddad889 elementor-widget elementor-widget-image\" data-id=\"ddad889\" data-element_type=\"widget\" data-e-type=\"widget\" data-widget_type=\"image.default\">\n\t\t\t\t<div class=\"elementor-widget-container\">\n\t\t\t\t\t\t\t\t\t\t\t\t\t\t\t<img loading=\"lazy\" decoding=\"async\" width=\"643\" height=\"360\" src=\"https:\/\/mlishipping.com\/wp-content\/uploads\/2024\/11\/360_F_905770074_GSFfORdYwUBQu2RDKGc1N8bLwDlMzVTv.jpg\" class=\"attachment-large size-large wp-image-582\" alt=\"\" srcset=\"https:\/\/mlishipping.com\/wp-content\/uploads\/2024\/11\/360_F_905770074_GSFfORdYwUBQu2RDKGc1N8bLwDlMzVTv.jpg 643w, https:\/\/mlishipping.com\/wp-content\/uploads\/2024\/11\/360_F_905770074_GSFfORdYwUBQu2RDKGc1N8bLwDlMzVTv-300x168.jpg 300w\" sizes=\"(max-width: 643px) 100vw, 643px\" \/>\t\t\t\t\t\t\t\t\t\t\t\t\t\t\t<\/div>\n\t\t\t\t<\/div>\n\t\t\t\t<div class=\"elementor-element elementor-element-5b35e01 elementor-widget elementor-widget-image\" data-id=\"5b35e01\" data-element_type=\"widget\" data-e-type=\"widget\" data-widget_type=\"image.default\">\n\t\t\t\t<div class=\"elementor-widget-container\">\n\t\t\t\t\t\t\t\t\t\t\t\t\t\t\t<img loading=\"lazy\" decoding=\"async\" width=\"800\" height=\"477\" src=\"https:\/\/mlishipping.com\/wp-content\/uploads\/2024\/11\/a-complete-guide-to-cross-docking-warehousing-hero-1024x611.jpg\" class=\"attachment-large size-large wp-image-592\" alt=\"\" srcset=\"https:\/\/mlishipping.com\/wp-content\/uploads\/2024\/11\/a-complete-guide-to-cross-docking-warehousing-hero-1024x611.jpg 1024w, https:\/\/mlishipping.com\/wp-content\/uploads\/2024\/11\/a-complete-guide-to-cross-docking-warehousing-hero-300x179.jpg 300w, https:\/\/mlishipping.com\/wp-content\/uploads\/2024\/11\/a-complete-guide-to-cross-docking-warehousing-hero-768x458.jpg 768w, https:\/\/mlishipping.com\/wp-content\/uploads\/2024\/11\/a-complete-guide-to-cross-docking-warehousing-hero.jpg 1056w\" sizes=\"(max-width: 800px) 100vw, 800px\" \/>\t\t\t\t\t\t\t\t\t\t\t\t\t\t\t<\/div>\n\t\t\t\t<\/div>\n\t\t\t\t<div class=\"elementor-element elementor-element-8675381 elementor-widget elementor-widget-image\" data-id=\"8675381\" data-element_type=\"widget\" data-e-type=\"widget\" data-widget_type=\"image.default\">\n\t\t\t\t<div class=\"elementor-widget-container\">\n\t\t\t\t\t\t\t\t\t\t\t\t\t\t\t<img loading=\"lazy\" decoding=\"async\" width=\"800\" height=\"500\" src=\"https:\/\/mlishipping.com\/wp-content\/uploads\/2024\/11\/shutterstock_1492012511-1280w-1024x640.webp\" class=\"attachment-large size-large wp-image-596\" alt=\"\" srcset=\"https:\/\/mlishipping.com\/wp-content\/uploads\/2024\/11\/shutterstock_1492012511-1280w-1024x640.webp 1024w, https:\/\/mlishipping.com\/wp-content\/uploads\/2024\/11\/shutterstock_1492012511-1280w-300x188.webp 300w, https:\/\/mlishipping.com\/wp-content\/uploads\/2024\/11\/shutterstock_1492012511-1280w-768x480.webp 768w, https:\/\/mlishipping.com\/wp-content\/uploads\/2024\/11\/shutterstock_1492012511-1280w.webp 1280w\" sizes=\"(max-width: 800px) 100vw, 800px\" \/>\t\t\t\t\t\t\t\t\t\t\t\t\t\t\t<\/div>\n\t\t\t\t<\/div>\n\t\t\t\t<div class=\"elementor-element elementor-element-97b50d8 elementor-widget elementor-widget-image\" data-id=\"97b50d8\" data-element_type=\"widget\" data-e-type=\"widget\" data-widget_type=\"image.default\">\n\t\t\t\t<div class=\"elementor-widget-container\">\n\t\t\t\t\t\t\t\t\t\t\t\t\t\t\t<img loading=\"lazy\" decoding=\"async\" width=\"266\" height=\"190\" src=\"https:\/\/mlishipping.com\/wp-content\/uploads\/2024\/11\/logistics-images.jpg\" class=\"attachment-large size-large wp-image-621\" alt=\"\" \/>\t\t\t\t\t\t\t\t\t\t\t\t\t\t\t<\/div>\n\t\t\t\t<\/div>\n\t\t\t\t<div class=\"elementor-element elementor-element-86d5a14 elementor-widget elementor-widget-image\" data-id=\"86d5a14\" data-element_type=\"widget\" data-e-type=\"widget\" data-widget_type=\"image.default\">\n\t\t\t\t<div class=\"elementor-widget-container\">\n\t\t\t\t\t\t\t\t\t\t\t\t\t\t\t<img loading=\"lazy\" decoding=\"async\" width=\"600\" height=\"426\" src=\"https:\/\/mlishipping.com\/wp-content\/uploads\/2024\/11\/depositphotos_120318296-stock-photo-businesswoman-working-on-computer-with.webp\" class=\"attachment-large size-large wp-image-625\" alt=\"\" srcset=\"https:\/\/mlishipping.com\/wp-content\/uploads\/2024\/11\/depositphotos_120318296-stock-photo-businesswoman-working-on-computer-with.webp 600w, https:\/\/mlishipping.com\/wp-content\/uploads\/2024\/11\/depositphotos_120318296-stock-photo-businesswoman-working-on-computer-with-300x213.webp 300w\" sizes=\"(max-width: 600px) 100vw, 600px\" \/>\t\t\t\t\t\t\t\t\t\t\t\t\t\t\t<\/div>\n\t\t\t\t<\/div>\n\t\t\t\t\t<\/div>\n\t\t<\/div>\n\t\t\t\t<div class=\"elementor-column elementor-col-50 elementor-top-column elementor-element elementor-element-3683fc1\" data-id=\"3683fc1\" data-element_type=\"column\" data-e-type=\"column\">\n\t\t\t<div class=\"elementor-widget-wrap elementor-element-populated\">\n\t\t\t\t\t\t<div class=\"elementor-element elementor-element-3f64e9af elementor-widget elementor-widget-heading\" data-id=\"3f64e9af\" data-element_type=\"widget\" data-e-type=\"widget\" data-widget_type=\"heading.default\">\n\t\t\t\t<div class=\"elementor-widget-container\">\n\t\t\t\t\t<h2 class=\"elementor-heading-title elementor-size-default\">entrep\u00f4t et stockage<\/h2>\t\t\t\t<\/div>\n\t\t\t\t<\/div>\n\t\t\t\t<div class=\"elementor-element elementor-element-39237c47 elementor-widget elementor-widget-text-editor\" data-id=\"39237c47\" data-element_type=\"widget\" data-e-type=\"widget\" data-widget_type=\"text-editor.default\">\n\t\t\t\t<div class=\"elementor-widget-container\">\n\t\t\t\t\t\t\t\t\t<p>Nous commen\u00e7ons avec 12 000 pieds carr\u00e9s d'espace pour vous aider \u00e0 d\u00e9marrer, mais nous pouvons<br \/>agrandir ou r\u00e9duire nos locaux pour r\u00e9pondre \u00e0 vos besoins changeants. Notre installation est<br \/>situ\u00e9e au centre de l'ouest de Toronto et dans une\nzone \u00e0 fort trafic<br \/>\u00e0 proximit\u00e9 de plusieurs autoroutes, routes, voies ferr\u00e9es, a\u00e9roports et<br \/>voies maritimes. Le b\u00e2timent et l'\u00e9quipement sont \u00e9quip\u00e9s pour r\u00e9pondre \u00e0 une large gamme<br \/>d'exigences de stockage et peuvent accueillir des produits secs allant des aliments<br \/>au bois d'\u0153uvre, en passant par les pi\u00e8ces automobiles, les fournitures industrielles,<br \/>les fournitures de bureau, les fournitures m\u00e9dicales, les stocks exc\u00e9dentaires et le stockage g\u00e9n\u00e9ral. Notre<br \/>\u00e9quipe est form\u00e9e et certifi\u00e9e pour manipuler divers mat\u00e9riaux avec<br \/>professionnalisme et soin.<\/p><h6>Entreposage en rayonnage pour entreprises partout en Ontario et au Qu\u00e9bec<\/h6><p>Nos entrep\u00f4ts disposent d'un vaste espace de stockage et nous nous engageons \u00e0 fournir \u00e0 nos clients les solutions de stockage d'entrep\u00f4t adapt\u00e9es \u00e0 leurs produits. Si vos produits ne peuvent pas \u00eatre empil\u00e9s ou doivent \u00eatre retir\u00e9s du sol, nous disposons de nombreux emplacements de stockage pour r\u00e9pondre \u00e0 vos besoins de stockage.<\/p><h6 class=\"elementor-image-box-title\">Stockage \u00e0 court et \u00e0 long terme<\/h6><p>Que vous ayez besoin d'entreposer vos marchandises pour une courte ou une longue p\u00e9riode, MLI Shipping propose des options flexibles pour r\u00e9pondre \u00e0 vos besoins sp\u00e9cifiques. Nos installations s\u00e9curis\u00e9es et climatis\u00e9es garantissent la s\u00e9curit\u00e9 de vos produits.<\/p><h6 class=\"elementor-image-box-title\">Gestion des stocks<\/h6><p>Une gestion efficace des stocks et des entrep\u00f4ts est essentielle pour les entreprises de toutes tailles. Notre technologie de pointe et notre personnel exp\u00e9riment\u00e9 vous aident \u00e0 suivre vos stocks, \u00e0 optimiser l'espace de stockage et \u00e0 r\u00e9duire les co\u00fbts de stockage.<\/p><h6 class=\"elementor-image-box-title\">Cross-docking<\/h6><p>Pour les entreprises cherchant \u00e0 rationaliser la gestion de la cha\u00eene d'approvisionnement, nos services de cross-docking permettent le transfert transparent des produits des exp\u00e9ditions entrantes aux exp\u00e9ditions sortantes, r\u00e9duisant ainsi le temps de traitement et les co\u00fbts.<\/p><h6 class=\"elementor-image-box-title\">Services de pr\u00e9paration et d'emballage<\/h6><p>Notre \u00e9quipe exp\u00e9riment\u00e9e est bien \u00e9quip\u00e9e pour g\u00e9rer les op\u00e9rations de pr\u00e9l\u00e8vement et d'emballage, garantissant ainsi une ex\u00e9cution pr\u00e9cise et rapide des commandes pour vos clients.<\/p><h6 class=\"elementor-image-box-title\">Distribution et ex\u00e9cution<\/h6><p>MLI Shipping peut vous aider \u00e0 g\u00e9rer vos besoins de distribution et d'ex\u00e9cution. Notre emplacement strat\u00e9gique et nos installations \u00e0 la pointe de la technologie font de l'exp\u00e9dition et de la livraison aux clients une exp\u00e9rience fluide.<\/p><h6 class=\"elementor-image-box-title\">Solutions personnalis\u00e9es pour diverses industries<\/h6><p>Nous comprenons que chaque industrie a des exigences d\u2019entreposage uniques et MLI Shipping peut proposer des solutions d\u2019entreposage personnalis\u00e9es adapt\u00e9es aux besoins sp\u00e9cifiques de votre entreprise.<\/p><p>\u00a0<\/p><p>\u00a0<\/p>\t\t\t\t\t\t\t\t<\/div>\n\t\t\t\t<\/div>\n\t\t\t\t<div class=\"elementor-element elementor-element-e119f1e elementor-widget elementor-widget-text-editor\" data-id=\"e119f1e\" data-element_type=\"widget\" data-e-type=\"widget\" data-widget_type=\"text-editor.default\">\n\t\t\t\t<div class=\"elementor-widget-container\">\n\t\t\t\t\t\t\t\t\t<h4 class=\"elementor-heading-title elementor-size-default\">Avantages des services d'entreposage et de stockage \u00e0 Toronto<\/h4><h6 class=\"elementor-image-box-title\">Emplacement strat\u00e9gique<\/h6><p>Notre emplacement \u00e0 Toronto offre un acc\u00e8s facile \u00e0 toutes les principales autoroutes et voies de transport, vous aidant ainsi \u00e0 \u00e9conomiser du temps et de l'argent sur la logistique.<\/p><h6 class=\"elementor-image-box-title\">Des installations modernes et s\u00e9curis\u00e9es<\/h6><p>Nos entrep\u00f4ts de stockage \u00e0 Toronto sont \u00e9quip\u00e9s de syst\u00e8mes de s\u00e9curit\u00e9 de pointe pour assurer la s\u00fbret\u00e9 et la s\u00e9curit\u00e9 de vos produits.<\/p><h5 class=\"elementor-image-box-title\">Technologie et logiciels avanc\u00e9s<\/h5><p>Nous utilisons une technologie et des logiciels de pointe pour g\u00e9rer votre inventaire, garantissant pr\u00e9cision et efficacit\u00e9.<\/p><h6 class=\"elementor-image-box-title\">Rentabilit\u00e9 et efficacit\u00e9<\/h6><p>Nos solutions sur mesure et notre technologie de pointe vous permettent d\u2019optimiser vos op\u00e9rations et d\u2019\u00e9conomiser sur les co\u00fbts d\u2019entreposage.<\/p><h6 class=\"elementor-image-box-title\">Assistance client d\u00e9di\u00e9e<\/h6><p>Notre \u00e9quipe s'engage envers nos clients et fournit un support client exceptionnel, r\u00e9pondant \u00e0 vos besoins rapidement et professionnellement.<\/p><h6 class=\"elementor-image-box-title\">Disponibilit\u00e9 de la main d'oeuvre<\/h6><p>Nous disposons d\u2019une main-d\u2019\u0153uvre qualifi\u00e9e pr\u00eate \u00e0 vous aider dans diverses t\u00e2ches, de la gestion des stocks \u00e0 l\u2019ex\u00e9cution des commandes.<\/p><h6 class=\"elementor-image-box-title\">Accessibilit\u00e9 \u00e0 la fronti\u00e8re am\u00e9ricaine<\/h6><p>Notre proximit\u00e9 avec la fronti\u00e8re am\u00e9ricaine simplifie les op\u00e9rations transfrontali\u00e8res, vous permettant ainsi d\u2019atteindre plus facilement vos clients am\u00e9ricains.<\/p><h6 class=\"elementor-image-box-title\">Proximit\u00e9 du port de Montr\u00e9al<\/h6><p>Notre emplacement strat\u00e9gique offre la proximit\u00e9 du port de Montr\u00e9al, une plaque tournante du transport cl\u00e9 qui peut profiter \u00e0 votre cha\u00eene d'approvisionnement.<\/p><p>\u00a0<\/p><p>\u00a0<\/p><p>\u00a0<\/p>\t\t\t\t\t\t\t\t<\/div>\n\t\t\t\t<\/div>\n\t\t\t\t\t<\/div>\n\t\t<\/div>\n\t\t\t\t\t<\/div>\n\t\t<\/section>\n\t\t\t\t<\/div>","protected":false},"excerpt":{"rendered":"<p>warehouse &amp; Storage warehouse &amp; storage We start with 12,000 square feet of space to get you started, but canexpand, or contract, to accommodate your changing needs. Our facility iscentrally located in western Toronto and situated in a high-trafficarea near multiple major highways, roads, railways, airports andseaways. The building and equipment are equipped to handle [&hellip;]<\/p>\n","protected":false},"author":1,"featured_media":0,"parent":108,"menu_order":0,"comment_status":"closed","ping_status":"closed","template":"","meta":{"footnotes":""},"class_list":["post-158","page","type-page","status-publish","hentry"],"_links":{"self":[{"href":"https:\/\/mlishipping.com\/fr\/wp-json\/wp\/v2\/pages\/158","targetHints":{"allow":["GET"]}}],"collection":[{"href":"https:\/\/mlishipping.com\/fr\/wp-json\/wp\/v2\/pages"}],"about":[{"href":"https:\/\/mlishipping.com\/fr\/wp-json\/wp\/v2\/types\/page"}],"author":[{"embeddable":true,"href":"https:\/\/mlishipping.com\/fr\/wp-json\/wp\/v2\/users\/1"}],"replies":[{"embeddable":true,"href":"https:\/\/mlishipping.com\/fr\/wp-json\/wp\/v2\/comments?post=158"}],"version-history":[{"count":110,"href":"https:\/\/mlishipping.com\/fr\/wp-json\/wp\/v2\/pages\/158\/revisions"}],"predecessor-version":[{"id":628,"href":"https:\/\/mlishipping.com\/fr\/wp-json\/wp\/v2\/pages\/158\/revisions\/628"}],"up":[{"embeddable":true,"href":"https:\/\/mlishipping.com\/fr\/wp-json\/wp\/v2\/pages\/108"}],"wp:attachment":[{"href":"https:\/\/mlishipping.com\/fr\/wp-json\/wp\/v2\/media?parent=158"}],"curies":[{"name":"wp","href":"https:\/\/api.w.org\/{rel}","templated":true}]}}